{"id":1404,"date":"2020-10-30T15:51:10","date_gmt":"2020-10-30T15:51:10","guid":{"rendered":"https:\/\/test.premafer.com\/?page_id=1404"},"modified":"2020-11-21T22:43:32","modified_gmt":"2020-11-21T22:43:32","slug":"soldadura-de-alta-frecuencia","status":"publish","type":"page","link":"https:\/\/test.premafer.com\/fr\/know-how\/soldadura-de-alta-frecuencia\/","title":{"rendered":"Soudure par haute fr\u00e9quence"},"content":{"rendered":"<div data-elementor-type=\"wp-page\" data-elementor-id=\"1404\" class=\"elementor elementor-1404\" data-elementor-settings=\"{&quot;ha_cmc_init_switcher&quot;:&quot;no&quot;}\" data-elementor-post-type=\"page\">\n\t\t\t\t\t\t<section class=\"elementor-section elementor-top-section elementor-element elementor-element-81c923a elementor-section-full_width elementor-section-stretched elementor-section-height-default elementor-section-height-default\" data-id=\"81c923a\" data-element_type=\"section\" data-settings=\"{&quot;stretch_section&quot;:&quot;section-stretched&quot;,&quot;background_background&quot;:&quot;classic&quot;,&quot;_ha_eqh_enable&quot;:false}\">\n\t\t\t\t\t\t\t<div class=\"elementor-background-overlay\"><\/div>\n\t\t\t\t\t\t\t<div class=\"elementor-container elementor-column-gap-default\">\n\t\t\t\t\t<div class=\"elementor-column elementor-col-100 elementor-top-column elementor-element elementor-element-db47c6e\" data-id=\"db47c6e\" data-element_type=\"column\">\n\t\t\t<div class=\"elementor-widget-wrap elementor-element-populated\">\n\t\t\t\t\t\t<div class=\"elementor-element elementor-element-c2c8e22 elementor-widget elementor-widget-spacer\" data-id=\"c2c8e22\" data-element_type=\"widget\" data-widget_type=\"spacer.default\">\n\t\t\t\t<div class=\"elementor-widget-container\">\n\t\t\t\t\t\t\t<div class=\"elementor-spacer\">\n\t\t\t<div class=\"elementor-spacer-inner\"><\/div>\n\t\t<\/div>\n\t\t\t\t\t\t<\/div>\n\t\t\t\t<\/div>\n\t\t\t\t<div class=\"elementor-element elementor-element-5e00173 elementor-widget elementor-widget-text-editor\" data-id=\"5e00173\" data-element_type=\"widget\" data-widget_type=\"text-editor.default\">\n\t\t\t\t<div class=\"elementor-widget-container\">\n\t\t\t\t\t\t\t\t\t<p>Soudure par haute fr\u00e9quence<\/p>\t\t\t\t\t\t\t\t<\/div>\n\t\t\t\t<\/div>\n\t\t\t\t<div class=\"elementor-element elementor-element-bebdde5 elementor-widget elementor-widget-spacer\" data-id=\"bebdde5\" data-element_type=\"widget\" data-widget_type=\"spacer.default\">\n\t\t\t\t<div class=\"elementor-widget-container\">\n\t\t\t\t\t\t\t<div class=\"elementor-spacer\">\n\t\t\t<div class=\"elementor-spacer-inner\"><\/div>\n\t\t<\/div>\n\t\t\t\t\t\t<\/div>\n\t\t\t\t<\/div>\n\t\t\t\t\t<\/div>\n\t\t<\/div>\n\t\t\t\t\t<\/div>\n\t\t<\/section>\n\t\t\t\t<section class=\"elementor-section elementor-top-section elementor-element elementor-element-c6b9f5e elementor-section-stretched elementor-section-boxed elementor-section-height-default elementor-section-height-default\" data-id=\"c6b9f5e\" data-element_type=\"section\" data-settings=\"{&quot;stretch_section&quot;:&quot;section-stretched&quot;,&quot;_ha_eqh_enable&quot;:false}\">\n\t\t\t\t\t\t<div class=\"elementor-container elementor-column-gap-wide\">\n\t\t\t\t\t<div class=\"elementor-column elementor-col-50 elementor-top-column elementor-element elementor-element-3e887f5\" data-id=\"3e887f5\" data-element_type=\"column\">\n\t\t\t<div class=\"elementor-widget-wrap elementor-element-populated\">\n\t\t\t\t\t\t<div class=\"elementor-element elementor-element-2bb7421 elementor-widget elementor-widget-heading\" data-id=\"2bb7421\" data-element_type=\"widget\" data-widget_type=\"heading.default\">\n\t\t\t\t<div class=\"elementor-widget-container\">\n\t\t\t\t\t<h2 class=\"elementor-heading-title elementor-size-default\">La fiabilit\u00e9 un point crucial<\/h2>\t\t\t\t<\/div>\n\t\t\t\t<\/div>\n\t\t\t\t<div class=\"elementor-element elementor-element-462fe53 elementor-widget-divider--view-line elementor-widget elementor-widget-divider\" data-id=\"462fe53\" data-element_type=\"widget\" data-widget_type=\"divider.default\">\n\t\t\t\t<div class=\"elementor-widget-container\">\n\t\t\t\t\t\t\t<div class=\"elementor-divider\">\n\t\t\t<span class=\"elementor-divider-separator\">\n\t\t\t\t\t\t<\/span>\n\t\t<\/div>\n\t\t\t\t\t\t<\/div>\n\t\t\t\t<\/div>\n\t\t\t\t<div class=\"elementor-element elementor-element-580183b elementor-widget elementor-widget-text-editor\" data-id=\"580183b\" data-element_type=\"widget\" data-widget_type=\"text-editor.default\">\n\t\t\t\t<div class=\"elementor-widget-container\">\n\t\t\t\t\t\t\t\t\t<p>Nous fabriquons depuis plus de 30 ans des composants pour la soudure par haute fr\u00e9quence comme les concentrateurs  et les inducteurs en cuivre. Nous fournissons aussi des ferrites et autres composants pour l\u2019industrie de fabricants de tube.<\/p><p>Notre m\u00e9tier est une valeur cl\u00e9 dans ce domaine. La constance, le travail, la proximit\u00e9, l\u2019empathie et le savoir faire des personnes qui ont construit l\u2019entreprise nous ont  pourvu d\u2019une ma\u00eetrise et de connaissances que nous transmettons \u00e0 tous nos produits.<\/p>\t\t\t\t\t\t\t\t<\/div>\n\t\t\t\t<\/div>\n\t\t\t\t<div class=\"elementor-element elementor-element-4ca7d49 elementor-widget elementor-widget-spacer\" data-id=\"4ca7d49\" data-element_type=\"widget\" data-widget_type=\"spacer.default\">\n\t\t\t\t<div class=\"elementor-widget-container\">\n\t\t\t\t\t\t\t<div class=\"elementor-spacer\">\n\t\t\t<div class=\"elementor-spacer-inner\"><\/div>\n\t\t<\/div>\n\t\t\t\t\t\t<\/div>\n\t\t\t\t<\/div>\n\t\t\t\t<div class=\"elementor-element elementor-element-eedd05a elementor-widget elementor-widget-spacer\" data-id=\"eedd05a\" data-element_type=\"widget\" data-widget_type=\"spacer.default\">\n\t\t\t\t<div class=\"elementor-widget-container\">\n\t\t\t\t\t\t\t<div class=\"elementor-spacer\">\n\t\t\t<div class=\"elementor-spacer-inner\"><\/div>\n\t\t<\/div>\n\t\t\t\t\t\t<\/div>\n\t\t\t\t<\/div>\n\t\t\t\t\t<\/div>\n\t\t<\/div>\n\t\t\t\t<div class=\"elementor-column elementor-col-50 elementor-top-column elementor-element elementor-element-31f00b5\" data-id=\"31f00b5\" data-element_type=\"column\">\n\t\t\t<div class=\"elementor-widget-wrap elementor-element-populated\">\n\t\t\t\t\t\t<div class=\"elementor-element elementor-element-d29a122 elementor-widget elementor-widget-spacer\" data-id=\"d29a122\" data-element_type=\"widget\" data-widget_type=\"spacer.default\">\n\t\t\t\t<div class=\"elementor-widget-container\">\n\t\t\t\t\t\t\t<div class=\"elementor-spacer\">\n\t\t\t<div class=\"elementor-spacer-inner\"><\/div>\n\t\t<\/div>\n\t\t\t\t\t\t<\/div>\n\t\t\t\t<\/div>\n\t\t\t\t<div class=\"elementor-element elementor-element-cc93a1e elementor-arrows-position-inside elementor-pagination-position-outside elementor-widget elementor-widget-image-carousel\" data-id=\"cc93a1e\" data-element_type=\"widget\" data-settings=\"{&quot;slides_to_show&quot;:&quot;1&quot;,&quot;navigation&quot;:&quot;both&quot;,&quot;autoplay&quot;:&quot;yes&quot;,&quot;pause_on_hover&quot;:&quot;yes&quot;,&quot;pause_on_interaction&quot;:&quot;yes&quot;,&quot;autoplay_speed&quot;:5000,&quot;infinite&quot;:&quot;yes&quot;,&quot;effect&quot;:&quot;slide&quot;,&quot;speed&quot;:500}\" data-widget_type=\"image-carousel.default\">\n\t\t\t\t<div class=\"elementor-widget-container\">\n\t\t\t\t\t\t\t<div class=\"elementor-image-carousel-wrapper swiper\" role=\"region\" aria-roledescription=\"carousel\" aria-label=\"Carrousel d\u2019images\" dir=\"ltr\">\n\t\t\t<div class=\"elementor-image-carousel swiper-wrapper\" aria-live=\"off\">\n\t\t\t\t\t\t\t\t<div class=\"swiper-slide\" role=\"group\" aria-roledescription=\"slide\" aria-label=\"1 sur 4\"><figure class=\"swiper-slide-inner\"><img decoding=\"async\" class=\"swiper-slide-image\" src=\"https:\/\/test.premafer.com\/wp-content\/uploads\/2020\/10\/impedancia-ferrita.jpg\" alt=\"impedancia-ferrita\" \/><\/figure><\/div><div class=\"swiper-slide\" role=\"group\" aria-roledescription=\"slide\" aria-label=\"2 sur 4\"><figure class=\"swiper-slide-inner\"><img decoding=\"async\" class=\"swiper-slide-image\" src=\"https:\/\/test.premafer.com\/wp-content\/uploads\/2020\/10\/impedancia-impeder.jpg\" alt=\"impedancia-impeder\" \/><\/figure><\/div><div class=\"swiper-slide\" role=\"group\" aria-roledescription=\"slide\" aria-label=\"3 sur 4\"><figure class=\"swiper-slide-inner\"><img decoding=\"async\" class=\"swiper-slide-image\" src=\"https:\/\/test.premafer.com\/wp-content\/uploads\/2020\/10\/impedancia_pieza1.jpg\" alt=\"impedancia_pieza1\" \/><\/figure><\/div><div class=\"swiper-slide\" role=\"group\" aria-roledescription=\"slide\" aria-label=\"4 sur 4\"><figure class=\"swiper-slide-inner\"><img decoding=\"async\" class=\"swiper-slide-image\" src=\"https:\/\/test.premafer.com\/wp-content\/uploads\/2020\/10\/impedancia_pieza2.jpg\" alt=\"impedancia_pieza2\" \/><\/figure><\/div>\t\t\t<\/div>\n\t\t\t\t\t\t\t\t\t\t\t\t<div class=\"elementor-swiper-button elementor-swiper-button-prev\" role=\"button\" tabindex=\"0\">\n\t\t\t\t\t\t<i aria-hidden=\"true\" class=\"eicon-chevron-left\"><\/i>\t\t\t\t\t<\/div>\n\t\t\t\t\t<div class=\"elementor-swiper-button elementor-swiper-button-next\" role=\"button\" tabindex=\"0\">\n\t\t\t\t\t\t<i aria-hidden=\"true\" class=\"eicon-chevron-right\"><\/i>\t\t\t\t\t<\/div>\n\t\t\t\t\n\t\t\t\t\t\t\t\t\t<div class=\"swiper-pagination\"><\/div>\n\t\t\t\t\t\t\t\t\t<\/div>\n\t\t\t\t\t\t<\/div>\n\t\t\t\t<\/div>\n\t\t\t\t\t<\/div>\n\t\t<\/div>\n\t\t\t\t\t<\/div>\n\t\t<\/section>\n\t\t\t\t<\/div>","protected":false},"excerpt":{"rendered":"<p>Soldadura de alta frecuencia La fiabilidad en el punto cr\u00edtico Llevamos m\u00e1s de 30 a\u00f1os fabricando componentes para soldadura de&#8230;<\/p>","protected":false},"author":1,"featured_media":0,"parent":1384,"menu_order":0,"comment_status":"closed","ping_status":"closed","template":"","meta":{"footnotes":""},"class_list":["post-1404","page","type-page","status-publish","hentry"],"post-meta":{"_elementor_pro_version":["3.0.5"],"_elementor_page_settings":["a:1:{s:14:\"ha_grid_zindex\";s:4:\"1000\";}"],"_happyaddons_elements_cache":["a:0:{}"],"_edit_lock":["1605998500:1"],"_edit_last":["1"],"site-container":["default"],"site-header-transparent":["default"],"site-page-header":["disabled"],"site-sidebar":["default"],"_elementor_edit_mode":["builder"],"_elementor_template_type":["wp-page"],"_elementor_version":["3.0.11"],"_wp_page_template":["default"],"_elementor_data":["[{\"id\":\"81c923a\",\"elType\":\"section\",\"settings\":{\"layout\":\"full_width\",\"stretch_section\":\"section-stretched\",\"background_background\":\"classic\",\"background_image\":{\"url\":\"https:\/\/test.premafer.com\\\/wp-content\\\/uploads\\\/2020\\\/11\\\/page-soldadura-de-alta-frecuencia.png\",\"id\":1575},\"background_position\":\"center center\",\"background_overlay_background\":\"classic\",\"background_overlay_color\":\"#000000CC\",\"margin\":{\"unit\":\"px\",\"top\":\"0\",\"right\":0,\"bottom\":\"0\",\"left\":0,\"isLinked\":false},\"_ha_condition_list\":[{\"_id\":\"90168cd\"}]},\"elements\":[{\"id\":\"db47c6e\",\"elType\":\"column\",\"settings\":{\"_column_size\":100,\"_inline_size\":null,\"_ha_condition_list\":[{\"_id\":\"ea0ffec\"}]},\"elements\":[{\"id\":\"c2c8e22\",\"elType\":\"widget\",\"settings\":{\"space\":{\"unit\":\"px\",\"size\":25,\"sizes\":[]},\"_ha_condition_list\":[{\"_id\":\"d450215\"}]},\"elements\":[],\"widgetType\":\"spacer\"},{\"id\":\"5e00173\",\"elType\":\"widget\",\"settings\":{\"editor\":\"<p>Soldadura de alta frecuencia<\\\/p>\",\"align\":\"center\",\"text_color\":\"#FFFFFF\",\"typography_typography\":\"custom\",\"typography_font_size\":{\"unit\":\"px\",\"size\":28,\"sizes\":[]},\"_ha_condition_list\":[{\"_id\":\"1c751fd\"}]},\"elements\":[],\"widgetType\":\"text-editor\"},{\"id\":\"bebdde5\",\"elType\":\"widget\",\"settings\":{\"space\":{\"unit\":\"px\",\"size\":25,\"sizes\":[]},\"_ha_condition_list\":[{\"_id\":\"d450215\"}]},\"elements\":[],\"widgetType\":\"spacer\"}],\"isInner\":false}],\"isInner\":false},{\"id\":\"c6b9f5e\",\"elType\":\"section\",\"settings\":{\"stretch_section\":\"section-stretched\",\"structure\":\"20\",\"margin\":{\"unit\":\"px\",\"top\":\"40\",\"right\":0,\"bottom\":\"0\",\"left\":0,\"isLinked\":false},\"gap\":\"wide\",\"padding\":{\"unit\":\"px\",\"top\":\"0\",\"right\":\"40\",\"bottom\":\"0\",\"left\":\"40\",\"isLinked\":false},\"_ha_condition_list\":[{\"_id\":\"5de6e27\"}]},\"elements\":[{\"id\":\"3e887f5\",\"elType\":\"column\",\"settings\":{\"_column_size\":50,\"_inline_size\":51.05199999999999960209606797434389591217041015625,\"_inline_size_tablet\":100,\"padding_tablet\":{\"unit\":\"px\",\"top\":\"10\",\"right\":\"10\",\"bottom\":\"10\",\"left\":\"10\",\"isLinked\":true},\"space_between_widgets\":15,\"_ha_condition_list\":[{\"_id\":\"3ed919d\"}]},\"elements\":[{\"id\":\"2bb7421\",\"elType\":\"widget\",\"settings\":{\"title\":\"La fiabilidad en el punto cr\\u00edtico\",\"typography_typography\":\"custom\",\"typography_font_size\":{\"unit\":\"px\",\"size\":28,\"sizes\":[]},\"typography_font_weight\":\"700\",\"_ha_condition_list\":[{\"_id\":\"b4ae779\"}],\"__globals__\":{\"title_color\":\"globals\\\/colors?id=1c4bd2b\"}},\"elements\":[],\"widgetType\":\"heading\"},{\"id\":\"462fe53\",\"elType\":\"widget\",\"settings\":{\"width\":{\"unit\":\"%\",\"size\":10,\"sizes\":[]},\"text\":\"Separador\",\"weight\":{\"unit\":\"px\",\"size\":5.0999999999999996447286321199499070644378662109375,\"sizes\":[]},\"gap\":{\"unit\":\"px\",\"size\":2,\"sizes\":[]},\"_ha_condition_list\":[{\"_id\":\"660fea4\"}],\"__globals__\":{\"color\":\"globals\\\/colors?id=primary\"}},\"elements\":[],\"widgetType\":\"divider\"},{\"id\":\"580183b\",\"elType\":\"widget\",\"settings\":{\"editor\":\"<p>Llevamos m\\u00e1s de 30 a\\u00f1os fabricando componentes para soldadura de alta frecuencia como impeders, inductores de cobre adem\\u00e1s de suministrar ferritas y otros componentes para la industria de fabricantes de tubo.<\\\/p><p>Nuestro oficio es un valor clave en este campo. La constancia, el trabajo, la cercan\\u00eda, empat\\u00eda y saber hacer de las personas que han construido la empresa nos ha dotado de una maestr\\u00eda y conocimiento que sabemos transmitir a todos nuestros productos.<\\\/p>\",\"typography_typography\":\"custom\",\"typography_line_height\":{\"unit\":\"px\",\"size\":26,\"sizes\":[]},\"_margin\":{\"unit\":\"px\",\"top\":\"0\",\"right\":\"0\",\"bottom\":\"0\",\"left\":\"0\",\"isLinked\":true},\"align\":\"justify\",\"_ha_condition_list\":[{\"_id\":\"bc05d4a\"}]},\"elements\":[],\"widgetType\":\"text-editor\"},{\"id\":\"4ca7d49\",\"elType\":\"widget\",\"settings\":{\"space\":{\"unit\":\"px\",\"size\":15,\"sizes\":[]},\"_ha_condition_list\":[{\"_id\":\"0a25f54\"}]},\"elements\":[],\"widgetType\":\"spacer\"},{\"id\":\"eedd05a\",\"elType\":\"widget\",\"settings\":{\"_ha_condition_list\":[{\"_id\":\"0a25f54\"}]},\"elements\":[],\"widgetType\":\"spacer\"}],\"isInner\":false},{\"id\":\"31f00b5\",\"elType\":\"column\",\"settings\":{\"_column_size\":50,\"_inline_size\":48.9140000000000014779288903810083866119384765625,\"_inline_size_tablet\":100,\"padding_tablet\":{\"unit\":\"px\",\"top\":\"10\",\"right\":\"10\",\"bottom\":\"10\",\"left\":\"10\",\"isLinked\":true},\"_ha_condition_list\":[{\"_id\":\"e6b2e65\"}]},\"elements\":[{\"id\":\"d29a122\",\"elType\":\"widget\",\"settings\":{\"_ha_condition_list\":[{\"_id\":\"0a25f54\"}]},\"elements\":[],\"widgetType\":\"spacer\"},{\"id\":\"cc93a1e\",\"elType\":\"widget\",\"settings\":{\"carousel\":[{\"id\":1406,\"url\":\"https:\/\/test.premafer.com\\\/wp-content\\\/uploads\\\/2020\\\/10\\\/impedancia-ferrita.jpg\"},{\"id\":1407,\"url\":\"https:\/\/test.premafer.com\\\/wp-content\\\/uploads\\\/2020\\\/10\\\/impedancia-impeder.jpg\"},{\"id\":1408,\"url\":\"https:\/\/test.premafer.com\\\/wp-content\\\/uploads\\\/2020\\\/10\\\/impedancia_pieza1.jpg\"},{\"id\":1409,\"url\":\"https:\/\/test.premafer.com\\\/wp-content\\\/uploads\\\/2020\\\/10\\\/impedancia_pieza2.jpg\"}],\"thumbnail_size\":\"full\",\"slides_to_show\":\"1\",\"arrows_size\":{\"unit\":\"px\",\"size\":20,\"sizes\":[]},\"gallery_vertical_align\":\"center\",\"_ha_condition_list\":[{\"_id\":\"d2cdba6\"}]},\"elements\":[],\"widgetType\":\"image-carousel\"}],\"isInner\":false}],\"isInner\":false}]"],"_elementor_controls_usage":["a:7:{s:6:\"spacer\";a:3:{s:5:\"count\";i:5;s:15:\"control_percent\";i:0;s:8:\"controls\";a:2:{s:7:\"content\";a:1:{s:14:\"section_spacer\";a:1:{s:5:\"space\";i:3;}}s:8:\"advanced\";a:1:{s:27:\"_section_happy_pro_features\";a:1:{s:18:\"_ha_condition_list\";i:5;}}}}s:11:\"text-editor\";a:3:{s:5:\"count\";i:2;s:15:\"control_percent\";i:1;s:8:\"controls\";a:3:{s:7:\"content\";a:1:{s:14:\"section_editor\";a:1:{s:6:\"editor\";i:2;}}s:5:\"style\";a:1:{s:13:\"section_style\";a:5:{s:5:\"align\";i:2;s:10:\"text_color\";i:1;s:21:\"typography_typography\";i:2;s:20:\"typography_font_size\";i:1;s:22:\"typography_line_height\";i:1;}}s:8:\"advanced\";a:2:{s:27:\"_section_happy_pro_features\";a:1:{s:18:\"_ha_condition_list\";i:2;}s:14:\"_section_style\";a:1:{s:7:\"_margin\";i:1;}}}}s:6:\"column\";a:3:{s:5:\"count\";i:3;s:15:\"control_percent\";i:1;s:8:\"controls\";a:2:{s:6:\"layout\";a:1:{s:6:\"layout\";a:2:{s:12:\"_inline_size\";i:3;s:21:\"space_between_widgets\";i:1;}}s:8:\"advanced\";a:1:{s:27:\"_section_happy_pro_features\";a:1:{s:18:\"_ha_condition_list\";i:3;}}}}s:7:\"section\";a:3:{s:5:\"count\";i:2;s:15:\"control_percent\";i:2;s:8:\"controls\";a:3:{s:6:\"layout\";a:2:{s:14:\"section_layout\";a:3:{s:6:\"layout\";i:1;s:15:\"stretch_section\";i:2;s:3:\"gap\";i:1;}s:17:\"section_structure\";a:1:{s:9:\"structure\";i:1;}}s:5:\"style\";a:2:{s:18:\"section_background\";a:3:{s:21:\"background_background\";i:1;s:16:\"background_image\";i:1;s:19:\"background_position\";i:1;}s:26:\"section_background_overlay\";a:2:{s:29:\"background_overlay_background\";i:1;s:24:\"background_overlay_color\";i:1;}}s:8:\"advanced\";a:2:{s:16:\"section_advanced\";a:2:{s:6:\"margin\";i:2;s:7:\"padding\";i:1;}s:27:\"_section_happy_pro_features\";a:1:{s:18:\"_ha_condition_list\";i:2;}}}}s:7:\"heading\";a:3:{s:5:\"count\";i:1;s:15:\"control_percent\";i:1;s:8:\"controls\";a:3:{s:7:\"content\";a:1:{s:13:\"section_title\";a:1:{s:5:\"title\";i:1;}}s:5:\"style\";a:1:{s:19:\"section_title_style\";a:3:{s:21:\"typography_typography\";i:1;s:20:\"typography_font_size\";i:1;s:22:\"typography_font_weight\";i:1;}}s:8:\"advanced\";a:1:{s:27:\"_section_happy_pro_features\";a:1:{s:18:\"_ha_condition_list\";i:1;}}}}s:7:\"divider\";a:3:{s:5:\"count\";i:1;s:15:\"control_percent\";i:1;s:8:\"controls\";a:3:{s:7:\"content\";a:1:{s:15:\"section_divider\";a:1:{s:5:\"width\";i:1;}}s:5:\"style\";a:1:{s:21:\"section_divider_style\";a:2:{s:6:\"weight\";i:1;s:3:\"gap\";i:1;}}s:8:\"advanced\";a:1:{s:27:\"_section_happy_pro_features\";a:1:{s:18:\"_ha_condition_list\";i:1;}}}}s:14:\"image-carousel\";a:3:{s:5:\"count\";i:1;s:15:\"control_percent\";i:1;s:8:\"controls\";a:3:{s:7:\"content\";a:1:{s:22:\"section_image_carousel\";a:3:{s:8:\"carousel\";i:1;s:14:\"thumbnail_size\";i:1;s:14:\"slides_to_show\";i:1;}}s:5:\"style\";a:2:{s:24:\"section_style_navigation\";a:1:{s:11:\"arrows_size\";i:1;}s:19:\"section_style_image\";a:1:{s:22:\"gallery_vertical_align\";i:1;}}s:8:\"advanced\";a:1:{s:27:\"_section_happy_pro_features\";a:1:{s:18:\"_ha_condition_list\";i:1;}}}}}"],"rank_math_news_sitemap_robots":["index"],"rank_math_robots":["a:1:{i:0;s:5:\"index\";}"],"rank_math_internal_links_processed":["1"],"rank_math_analytic_object_id":["12"],"rank_math_og_content_image":["a:2:{s:5:\"check\";s:32:\"21dedbb3565b592655b82f7366cf3c54\";s:6:\"images\";a:1:{i:0;i:1406;}}"],"_elementor_page_assets":["a:2:{s:6:\"styles\";a:5:{i:0;s:13:\"widget-spacer\";i:1;s:14:\"widget-heading\";i:2;s:14:\"widget-divider\";i:3;s:8:\"e-swiper\";i:4;s:21:\"widget-image-carousel\";}s:7:\"scripts\";a:2:{i:0;s:18:\"elementor-frontend\";i:1;s:6:\"swiper\";}}"],"_elementor_css":["a:6:{s:4:\"time\";i:1749113167;s:5:\"fonts\";a:0:{}s:5:\"icons\";a:1:{i:0;s:0:\"\";}s:20:\"dynamic_elements_ids\";a:0:{}s:6:\"status\";s:4:\"file\";i:0;s:0:\"\";}"]},"_links":{"self":[{"href":"https:\/\/test.premafer.com\/fr\/wp-json\/wp\/v2\/pages\/1404","targetHints":{"allow":["GET"]}}],"collection":[{"href":"https:\/\/test.premafer.com\/fr\/wp-json\/wp\/v2\/pages"}],"about":[{"href":"https:\/\/test.premafer.com\/fr\/wp-json\/wp\/v2\/types\/page"}],"author":[{"embeddable":true,"href":"https:\/\/test.premafer.com\/fr\/wp-json\/wp\/v2\/users\/1"}],"replies":[{"embeddable":true,"href":"https:\/\/test.premafer.com\/fr\/wp-json\/wp\/v2\/comments?post=1404"}],"version-history":[{"count":8,"href":"https:\/\/test.premafer.com\/fr\/wp-json\/wp\/v2\/pages\/1404\/revisions"}],"predecessor-version":[{"id":1576,"href":"https:\/\/test.premafer.com\/fr\/wp-json\/wp\/v2\/pages\/1404\/revisions\/1576"}],"up":[{"embeddable":true,"href":"https:\/\/test.premafer.com\/fr\/wp-json\/wp\/v2\/pages\/1384"}],"wp:attachment":[{"href":"https:\/\/test.premafer.com\/fr\/wp-json\/wp\/v2\/media?parent=1404"}],"curies":[{"name":"wp","href":"https:\/\/api.w.org\/{rel}","templated":true}]}}