{"id":201,"date":"2018-10-23T07:33:09","date_gmt":"2018-10-23T07:33:09","guid":{"rendered":"https:\/\/woostify.com\/demos\/fashion1\/?page_id=201"},"modified":"2025-06-17T20:06:55","modified_gmt":"2025-06-17T20:06:55","slug":"contacto","status":"publish","type":"page","link":"https:\/\/test.premafer.com\/fr\/contacto\/","title":{"rendered":"Contact"},"content":{"rendered":"<div data-elementor-type=\"wp-post\" data-elementor-id=\"201\" class=\"elementor elementor-201\" data-elementor-settings=\"{&quot;ha_cmc_init_switcher&quot;:&quot;no&quot;}\" data-elementor-post-type=\"page\">\n\t\t\t\t\t\t<section class=\"elementor-section elementor-top-section elementor-element elementor-element-3153b01 elementor-section-boxed elementor-section-height-default elementor-section-height-default\" data-id=\"3153b01\" data-element_type=\"section\" data-settings=\"{&quot;_ha_eqh_enable&quot;:false}\">\n\t\t\t\t\t\t<div class=\"elementor-container elementor-column-gap-wide\">\n\t\t\t\t\t<div class=\"elementor-column elementor-col-33 elementor-top-column elementor-element elementor-element-475bd5a\" data-id=\"475bd5a\" data-element_type=\"column\">\n\t\t\t<div class=\"elementor-widget-wrap elementor-element-populated\">\n\t\t\t\t\t\t<div class=\"elementor-element elementor-element-e781879 elementor-widget elementor-widget-heading\" data-id=\"e781879\" data-element_type=\"widget\" data-widget_type=\"heading.default\">\n\t\t\t\t<div class=\"elementor-widget-container\">\n\t\t\t\t\t<h5 class=\"elementor-heading-title elementor-size-default\">CONTACTER <b>NOUS<\/b><\/h5>\t\t\t\t<\/div>\n\t\t\t\t<\/div>\n\t\t\t\t<div class=\"elementor-element elementor-element-309ca6d elementor-widget elementor-widget-text-editor\" data-id=\"309ca6d\" data-element_type=\"widget\" data-widget_type=\"text-editor.default\">\n\t\t\t\t<div class=\"elementor-widget-container\">\n\t\t\t\t\t\t\t\t\t<p>Dites-nous quel est votre projet et nous serons enchant\u00e9s de vous aider.<\/p>\t\t\t\t\t\t\t\t<\/div>\n\t\t\t\t<\/div>\n\t\t\t\t<div class=\"elementor-element elementor-element-e32b584 elementor-widget elementor-widget-shortcode\" data-id=\"e32b584\" data-element_type=\"widget\" data-widget_type=\"shortcode.default\">\n\t\t\t\t<div class=\"elementor-widget-container\">\n\t\t\t\t\t\t\t<div class=\"elementor-shortcode\">\n<div class=\"wpcf7 no-js\" id=\"wpcf7-f213-o1\" lang=\"en-US\" dir=\"ltr\" data-wpcf7-id=\"213\">\n<div class=\"screen-reader-response\"><p role=\"status\" aria-live=\"polite\" aria-atomic=\"true\"><\/p> <ul><\/ul><\/div>\n<form action=\"\/fr\/wp-json\/wp\/v2\/pages\/201#wpcf7-f213-o1\" method=\"post\" class=\"wpcf7-form init\" aria-label=\"Contact form\" novalidate=\"novalidate\" data-status=\"init\" data-trp-original-action=\"\/fr\/wp-json\/wp\/v2\/pages\/201#wpcf7-f213-o1\">\n<div style=\"display: none;\">\n<input type=\"hidden\" name=\"_wpcf7\" value=\"213\" \/>\n<input type=\"hidden\" name=\"_wpcf7_version\" value=\"6.0.6\" \/>\n<input type=\"hidden\" name=\"_wpcf7_locale\" value=\"en_US\" \/>\n<input type=\"hidden\" name=\"_wpcf7_unit_tag\" value=\"wpcf7-f213-o1\" \/>\n<input type=\"hidden\" name=\"_wpcf7_container_post\" value=\"0\" \/>\n<input type=\"hidden\" name=\"_wpcf7_posted_data_hash\" value=\"\" \/>\n<\/div>\n<div class=\"woostify-contact-form\">\n\t<div class=\"row\">\n\t\t<div class=\"col-md-6\">\n\t\t\t<p><span class=\"wpcf7-form-control-wrap\" data-name=\"your-name\"><input size=\"40\" maxlength=\"400\" class=\"wpcf7-form-control wpcf7-text wpcf7-validates-as-required\" aria-required=\"true\" aria-invalid=\"false\" placeholder=\"Nom\" value=\"\" type=\"text\" name=\"your-name\" \/><\/span>\n\t\t\t<\/p>\n\t\t<\/div>\n\t\t<div class=\"col-md-6\">\n\t\t\t<p><span class=\"wpcf7-form-control-wrap\" data-name=\"your-email\"><input size=\"40\" maxlength=\"400\" class=\"wpcf7-form-control wpcf7-email wpcf7-validates-as-required wpcf7-text wpcf7-validates-as-email\" aria-required=\"true\" aria-invalid=\"false\" placeholder=\"Email\" value=\"\" type=\"email\" name=\"your-email\" \/><\/span>\n\t\t\t<\/p>\n\t\t<\/div>\n\t<\/div>\n\t<p><span class=\"wpcf7-form-control-wrap\" data-name=\"text-509\"><input size=\"40\" maxlength=\"400\" class=\"wpcf7-form-control wpcf7-text wpcf7-validates-as-required\" aria-required=\"true\" aria-invalid=\"false\" placeholder=\"Entreprise\" value=\"\" type=\"text\" name=\"text-509\" \/><\/span><br \/>\n<span class=\"wpcf7-form-control-wrap\" data-name=\"your-message\"><textarea cols=\"40\" rows=\"10\" maxlength=\"2000\" class=\"wpcf7-form-control wpcf7-textarea wpcf7-validates-as-required\" aria-required=\"true\" aria-invalid=\"false\" placeholder=\"Commentaire\" name=\"your-message\"><\/textarea><\/span><br \/>\n<input class=\"wpcf7-form-control wpcf7-submit has-spinner button\" type=\"submit\" value=\"Enviar\" \/>\n\t<\/p>\n<\/div>\n<p><span class=\"wpcf7-form-control-wrap\" data-name=\"acceptance-317\"><span class=\"wpcf7-form-control wpcf7-acceptance\"><span class=\"wpcf7-list-item\"><input type=\"checkbox\" name=\"acceptance-317\" value=\"1\" aria-invalid=\"false\" \/><\/span><\/span><\/span> J'accepte la <a>politique de confidentialit\u00e9<\/a>\n<\/p><div class=\"wpcf7-response-output\" aria-hidden=\"true\"><\/div>\n<input type=\"hidden\" name=\"trp-form-language\" value=\"fr\"\/><\/form>\n<\/div>\n<\/div>\n\t\t\t\t\t\t<\/div>\n\t\t\t\t<\/div>\n\t\t\t\t\t<\/div>\n\t\t<\/div>\n\t\t\t\t<div class=\"elementor-column elementor-col-66 elementor-top-column elementor-element elementor-element-8acbbf2\" data-id=\"8acbbf2\" data-element_type=\"column\">\n\t\t\t<div class=\"elementor-widget-wrap elementor-element-populated\">\n\t\t\t\t\t\t<div class=\"elementor-element elementor-element-1a4a148 elementor-widget elementor-widget-heading\" data-id=\"1a4a148\" data-element_type=\"widget\" data-widget_type=\"heading.default\">\n\t\t\t\t<div class=\"elementor-widget-container\">\n\t\t\t\t\t<h5 class=\"elementor-heading-title elementor-size-default\">Coordonn\u00e9es<\/h5>\t\t\t\t<\/div>\n\t\t\t\t<\/div>\n\t\t\t\t<div class=\"elementor-element elementor-element-87ca533 elementor-widget elementor-widget-text-editor\" data-id=\"87ca533\" data-element_type=\"widget\" data-widget_type=\"text-editor.default\">\n\t\t\t\t<div class=\"elementor-widget-container\">\n\t\t\t\t\t\t\t\t\t<p>Nous sommes \u00e0 votre disposition pour r\u00e9pondre \u00e0 chacun de vos doutes ou questions.<\/p>\t\t\t\t\t\t\t\t<\/div>\n\t\t\t\t<\/div>\n\t\t\t\t<div class=\"elementor-element elementor-element-beb6a72 elementor-icon-list--layout-traditional elementor-list-item-link-full_width elementor-widget elementor-widget-icon-list\" data-id=\"beb6a72\" data-element_type=\"widget\" data-widget_type=\"icon-list.default\">\n\t\t\t\t<div class=\"elementor-widget-container\">\n\t\t\t\t\t\t\t<ul class=\"elementor-icon-list-items\">\n\t\t\t\t\t\t\t<li class=\"elementor-icon-list-item\">\n\t\t\t\t\t\t\t\t\t\t\t<a href=\"tel:0034943522157\">\n\n\t\t\t\t\t\t\t\t\t\t\t\t<span class=\"elementor-icon-list-icon\">\n\t\t\t\t\t\t\t<i aria-hidden=\"true\" class=\"fas fa-phone-alt\"><\/i>\t\t\t\t\t\t<\/span>\n\t\t\t\t\t\t\t\t\t\t<span class=\"elementor-icon-list-text\">(+34) 943 522 157<\/span>\n\t\t\t\t\t\t\t\t\t\t\t<\/a>\n\t\t\t\t\t\t\t\t\t<\/li>\n\t\t\t\t\t\t\t\t<li class=\"elementor-icon-list-item\">\n\t\t\t\t\t\t\t\t\t\t\t<a href=\"https:\/\/maps.app.goo.gl\/pieQrbUCRfzxK5UZ8\">\n\n\t\t\t\t\t\t\t\t\t\t\t\t<span class=\"elementor-icon-list-icon\">\n\t\t\t\t\t\t\t<i aria-hidden=\"true\" class=\"fas fa-map-marker-alt\"><\/i>\t\t\t\t\t\t<\/span>\n\t\t\t\t\t\t\t\t\t\t<span class=\"elementor-icon-list-text\">Pol\u00edgono 103 Urune, 5,  20100 Lezo (Gipuzkoa)<\/span>\n\t\t\t\t\t\t\t\t\t\t\t<\/a>\n\t\t\t\t\t\t\t\t\t<\/li>\n\t\t\t\t\t\t\t\t<li class=\"elementor-icon-list-item\">\n\t\t\t\t\t\t\t\t\t\t\t<a href=\"mailto:informacion@premafer.com\">\n\n\t\t\t\t\t\t\t\t\t\t\t\t<span class=\"elementor-icon-list-icon\">\n\t\t\t\t\t\t\t<i aria-hidden=\"true\" class=\"fas fa-envelope\"><\/i>\t\t\t\t\t\t<\/span>\n\t\t\t\t\t\t\t\t\t\t<span class=\"elementor-icon-list-text\">informacion@premafer.com<\/span>\n\t\t\t\t\t\t\t\t\t\t\t<\/a>\n\t\t\t\t\t\t\t\t\t<\/li>\n\t\t\t\t\t\t<\/ul>\n\t\t\t\t\t\t<\/div>\n\t\t\t\t<\/div>\n\t\t\t\t<div class=\"elementor-element elementor-element-17ffcd1 elementor-widget elementor-widget-spacer\" data-id=\"17ffcd1\" data-element_type=\"widget\" data-widget_type=\"spacer.default\">\n\t\t\t\t<div class=\"elementor-widget-container\">\n\t\t\t\t\t\t\t<div class=\"elementor-spacer\">\n\t\t\t<div class=\"elementor-spacer-inner\"><\/div>\n\t\t<\/div>\n\t\t\t\t\t\t<\/div>\n\t\t\t\t<\/div>\n\t\t\t\t<div class=\"elementor-element elementor-element-14ef9e9 elementor-widget elementor-widget-heading\" data-id=\"14ef9e9\" data-element_type=\"widget\" data-widget_type=\"heading.default\">\n\t\t\t\t<div class=\"elementor-widget-container\">\n\t\t\t\t\t<h5 class=\"elementor-heading-title elementor-size-default\">Acceso camiones 3 m de altura<\/h5>\t\t\t\t<\/div>\n\t\t\t\t<\/div>\n\t\t\t\t<div class=\"elementor-element elementor-element-9c5bf63 elementor-widget elementor-widget-image\" data-id=\"9c5bf63\" data-element_type=\"widget\" data-widget_type=\"image.default\">\n\t\t\t\t<div class=\"elementor-widget-container\">\n\t\t\t\t\t\t\t\t\t\t\t\t\t\t\t<img fetchpriority=\"high\" decoding=\"async\" width=\"832\" height=\"632\" src=\"https:\/\/test.premafer.com\/wp-content\/uploads\/2025\/06\/page-contacto-1.png\" class=\"attachment-large size-large wp-image-1864\" alt=\"\" srcset=\"https:\/\/test.premafer.com\/wp-content\/uploads\/2025\/06\/page-contacto-1.png 832w, https:\/\/test.premafer.com\/wp-content\/uploads\/2025\/06\/page-contacto-1-300x228.png 300w, https:\/\/test.premafer.com\/wp-content\/uploads\/2025\/06\/page-contacto-1-768x583.png 768w, https:\/\/test.premafer.com\/wp-content\/uploads\/2025\/06\/page-contacto-1-16x12.png 16w, https:\/\/test.premafer.com\/wp-content\/uploads\/2025\/06\/page-contacto-1-600x456.png 600w\" sizes=\"(max-width: 832px) 100vw, 832px\" \/>\t\t\t\t\t\t\t\t\t\t\t\t\t\t\t<\/div>\n\t\t\t\t<\/div>\n\t\t\t\t\t<\/div>\n\t\t<\/div>\n\t\t\t\t\t<\/div>\n\t\t<\/section>\n\t\t\t\t<\/div>","protected":false},"excerpt":{"rendered":"<p>Contacta con nosotros Com\u00e9ntanos cual es tu proyecto y estaremos encantados de ayudarte. Informaci\u00f3n de contacto Cont\u00e1ctanos para cualquier duda&#8230;<\/p>","protected":false},"author":1,"featured_media":0,"parent":0,"menu_order":0,"comment_status":"closed","ping_status":"closed","template":"","meta":{"footnotes":""},"class_list":["post-201","page","type-page","status-publish","hentry"],"post-meta":{"_elementor_edit_mode":["builder"],"_wp_page_template":["default"],"_elementor_data":["[{\"id\":\"3153b01\",\"elType\":\"section\",\"settings\":{\"gap\":\"wide\",\"structure\":\"21\",\"margin\":{\"unit\":\"px\",\"top\":\"\",\"right\":0,\"bottom\":\"\",\"left\":0,\"isLinked\":true},\"_ha_condition_list\":[{\"_id\":\"a5519bb\"}],\"ha_cmc_text\":\"Happy Addons\",\"ha_gb_text\":\"New\",\"ha_gb_lottie_url\":\"https:\\\/\\\/assets4.lottiefiles.com\\\/private_files\\\/lf30_ujs3c7ok.json\"},\"elements\":[{\"id\":\"475bd5a\",\"elType\":\"column\",\"settings\":{\"_column_size\":33,\"_inline_size\":53.518,\"_ha_condition_list\":[{\"_id\":\"44a4718\"}],\"ha_cmc_text\":\"Happy Addons\",\"ha_gb_text\":\"New\",\"ha_gb_lottie_url\":\"https:\\\/\\\/assets4.lottiefiles.com\\\/private_files\\\/lf30_ujs3c7ok.json\"},\"elements\":[{\"id\":\"e781879\",\"elType\":\"widget\",\"settings\":{\"title\":\"Contacta <b>con nosotros<\\\/b>\",\"header_size\":\"h5\",\"typography_typography\":\"custom\",\"typography_font_weight\":\"normal\",\"_ha_condition_list\":[{\"_id\":\"beacdd7\"}],\"typography_text_transform\":\"uppercase\",\"ha_advanced_tooltip_content\":\"Soy una informaci\\u00f3n emergente\",\"ha_cmc_text\":\"Happy Addons\",\"ha_gb_text\":\"New\",\"ha_gb_lottie_url\":\"https:\\\/\\\/assets4.lottiefiles.com\\\/private_files\\\/lf30_ujs3c7ok.json\"},\"elements\":[],\"widgetType\":\"heading\"},{\"id\":\"309ca6d\",\"elType\":\"widget\",\"settings\":{\"editor\":\"<p>Com\\u00e9ntanos cual es tu proyecto y estaremos encantados de ayudarte.<\\\/p>\",\"typography_font_size\":{\"unit\":\"px\",\"size\":12},\"_ha_condition_list\":[{\"_id\":\"141889a\"}],\"ha_advanced_tooltip_content\":\"Soy una informaci\\u00f3n emergente\",\"ha_cmc_text\":\"Happy Addons\",\"ha_gb_text\":\"New\",\"ha_gb_lottie_url\":\"https:\\\/\\\/assets4.lottiefiles.com\\\/private_files\\\/lf30_ujs3c7ok.json\"},\"elements\":[],\"widgetType\":\"text-editor\"},{\"id\":\"e32b584\",\"elType\":\"widget\",\"settings\":{\"shortcode\":\"[contact-form-7 id=\\\"213\\\" title=\\\"Contact Form\\\"]\",\"_ha_condition_list\":[{\"_id\":\"903702d\"}],\"ha_advanced_tooltip_content\":\"Soy una informaci\\u00f3n emergente\",\"ha_cmc_text\":\"Happy Addons\",\"ha_gb_text\":\"New\",\"ha_gb_lottie_url\":\"https:\\\/\\\/assets4.lottiefiles.com\\\/private_files\\\/lf30_ujs3c7ok.json\"},\"elements\":[],\"widgetType\":\"shortcode\"}],\"isInner\":false},{\"id\":\"8acbbf2\",\"elType\":\"column\",\"settings\":{\"_column_size\":66,\"_inline_size\":46.147,\"_ha_condition_list\":[{\"_id\":\"c85f233\"}],\"background_color\":\"#F8F8F8\",\"border_border\":\"dashed\",\"border_width\":{\"unit\":\"px\",\"top\":\"0\",\"right\":\"0\",\"bottom\":\"0\",\"left\":\"2\",\"isLinked\":false},\"border_color\":\"#A1B1BC8A\",\"padding\":{\"unit\":\"px\",\"top\":\"26\",\"right\":\"0\",\"bottom\":\"0\",\"left\":\"30\",\"isLinked\":false},\"__globals__\":{\"background_color\":\"globals\\\/colors?id=f79ee05\",\"border_color\":\"\"},\"ha_cmc_text\":\"Happy Addons\",\"ha_gb_text\":\"New\",\"ha_gb_lottie_url\":\"https:\\\/\\\/assets4.lottiefiles.com\\\/private_files\\\/lf30_ujs3c7ok.json\"},\"elements\":[{\"id\":\"1a4a148\",\"elType\":\"widget\",\"settings\":{\"title\":\"Informaci\\u00f3n de contacto\",\"header_size\":\"h5\",\"typography_typography\":\"custom\",\"typography_font_weight\":\"600\",\"_ha_condition_list\":[{\"_id\":\"5d78463\"}],\"typography_font_size\":{\"unit\":\"px\",\"size\":20,\"sizes\":[]},\"ha_advanced_tooltip_content\":\"Soy una informaci\\u00f3n emergente\",\"ha_cmc_text\":\"Happy Addons\",\"ha_gb_text\":\"New\",\"ha_gb_lottie_url\":\"https:\\\/\\\/assets4.lottiefiles.com\\\/private_files\\\/lf30_ujs3c7ok.json\"},\"elements\":[],\"widgetType\":\"heading\"},{\"id\":\"87ca533\",\"elType\":\"widget\",\"settings\":{\"editor\":\"<p>Cont\\u00e1ctanos para cualquier duda o aclaraci\\u00f3n.<\\\/p>\",\"typography_font_size\":{\"unit\":\"px\",\"size\":0},\"_ha_condition_list\":[{\"_id\":\"216764f\"}],\"ha_advanced_tooltip_content\":\"Soy una informaci\\u00f3n emergente\",\"ha_cmc_text\":\"Happy Addons\",\"ha_gb_text\":\"New\",\"ha_gb_lottie_url\":\"https:\\\/\\\/assets4.lottiefiles.com\\\/private_files\\\/lf30_ujs3c7ok.json\"},\"elements\":[],\"widgetType\":\"text-editor\"},{\"id\":\"beb6a72\",\"elType\":\"widget\",\"settings\":{\"icon_list\":[{\"text\":\"(+34) 943 522 157\",\"selected_icon\":{\"value\":\"fas fa-phone-alt\",\"library\":\"fa-solid\"},\"_id\":\"036602f\",\"link\":{\"url\":\"tel:0034943522157\",\"is_external\":\"\",\"nofollow\":\"\",\"custom_attributes\":\"\"}},{\"text\":\"Pol\\u00edgono 103 Urune, 5,  20100 Lezo (Gipuzkoa)\",\"selected_icon\":{\"value\":\"fas fa-map-marker-alt\",\"library\":\"fa-solid\"},\"_id\":\"b1ab7fe\",\"link\":{\"url\":\"https:\\\/\\\/maps.app.goo.gl\\\/pieQrbUCRfzxK5UZ8\",\"is_external\":\"\",\"nofollow\":\"\",\"custom_attributes\":\"\"}},{\"text\":\"informacion@premafer.com\",\"selected_icon\":{\"value\":\"fas fa-envelope\",\"library\":\"fa-solid\"},\"_id\":\"154bf76\",\"link\":{\"url\":\"mailto:informacion@premafer.com\",\"is_external\":\"\",\"nofollow\":\"\",\"custom_attributes\":\"\"}}],\"space_between\":{\"unit\":\"px\",\"size\":25,\"sizes\":[]},\"divider\":\"yes\",\"icon_size\":{\"unit\":\"px\",\"size\":23,\"sizes\":[]},\"ha_advanced_tooltip_content\":\"Soy una informaci\\u00f3n emergente\",\"_ha_condition_list\":[{\"_id\":\"743310d\"}],\"ha_cmc_text\":\"Happy Addons\",\"ha_gb_text\":\"New\",\"ha_gb_lottie_url\":\"https:\\\/\\\/assets4.lottiefiles.com\\\/private_files\\\/lf30_ujs3c7ok.json\",\"__globals__\":{\"icon_color\":\"globals\\\/colors?id=primary\",\"text_color_hover\":\"globals\\\/colors?id=8481cb0\",\"icon_typography_typography\":\"\",\"text_color\":\"globals\\\/colors?id=text\"}},\"elements\":[],\"widgetType\":\"icon-list\"},{\"id\":\"17ffcd1\",\"elType\":\"widget\",\"settings\":{\"space\":{\"unit\":\"px\",\"size\":20,\"sizes\":[]},\"ha_advanced_tooltip_content\":\"Soy una informaci\\u00f3n emergente\",\"_ha_condition_list\":[{\"_id\":\"939efa0\"}],\"ha_cmc_text\":\"Happy Addons\",\"ha_gb_text\":\"New\",\"ha_gb_lottie_url\":\"https:\\\/\\\/assets4.lottiefiles.com\\\/private_files\\\/lf30_ujs3c7ok.json\"},\"elements\":[],\"widgetType\":\"spacer\"},{\"id\":\"14ef9e9\",\"elType\":\"widget\",\"settings\":{\"title\":\"Acceso camiones 3 m de altura\",\"header_size\":\"h5\",\"typography_typography\":\"custom\",\"typography_font_weight\":\"600\",\"_ha_condition_list\":[{\"_id\":\"5d78463\"}],\"typography_font_size\":{\"unit\":\"px\",\"size\":20,\"sizes\":[]},\"ha_advanced_tooltip_content\":\"Soy una informaci\\u00f3n emergente\",\"ha_cmc_text\":\"Happy Addons\",\"ha_gb_text\":\"New\",\"ha_gb_lottie_url\":\"https:\\\/\\\/assets4.lottiefiles.com\\\/private_files\\\/lf30_ujs3c7ok.json\"},\"elements\":[],\"widgetType\":\"heading\"},{\"id\":\"9c5bf63\",\"elType\":\"widget\",\"settings\":{\"image\":{\"url\":\"https:\\\/\\\/test.premafer.com\\\/wp-content\\\/uploads\\\/2025\\\/06\\\/page-contacto-1.png\",\"id\":1864,\"size\":\"\",\"alt\":\"\",\"source\":\"library\"},\"ha_advanced_tooltip_content\":\"Soy una informaci\\u00f3n emergente\",\"_ha_condition_list\":[{\"_id\":\"e2d1a64\"}],\"ha_cmc_text\":\"Happy Addons\",\"ha_gb_text\":\"New\",\"ha_gb_lottie_url\":\"https:\\\/\\\/assets4.lottiefiles.com\\\/private_files\\\/lf30_ujs3c7ok.json\"},\"elements\":[],\"widgetType\":\"image\"}],\"isInner\":false}],\"isInner\":false}]"],"_elementor_version":["3.29.2"],"_elementor_template_type":["wp-post"],"site-container":["default"],"site-header-transparent":["default"],"site-page-header":["enabled"],"site-sidebar":["default"],"_happyaddons_elements_cache":["a:0:{}"],"_edit_last":["1"],"_edit_lock":["1750194194:1"],"_elementor_page_settings":["a:1:{s:14:\"ha_grid_zindex\";s:4:\"1000\";}"],"_elementor_pro_version":["3.29.2"],"_elementor_controls_usage":["a:7:{s:7:\"heading\";a:3:{s:5:\"count\";i:2;s:15:\"control_percent\";i:1;s:8:\"controls\";a:3:{s:7:\"content\";a:1:{s:13:\"section_title\";a:2:{s:5:\"title\";i:2;s:11:\"header_size\";i:2;}}s:5:\"style\";a:1:{s:19:\"section_title_style\";a:4:{s:21:\"typography_typography\";i:2;s:22:\"typography_font_weight\";i:2;s:25:\"typography_text_transform\";i:1;s:20:\"typography_font_size\";i:1;}}s:8:\"advanced\";a:1:{s:27:\"_section_happy_pro_features\";a:1:{s:18:\"_ha_condition_list\";i:2;}}}}s:11:\"text-editor\";a:3:{s:5:\"count\";i:3;s:15:\"control_percent\";i:0;s:8:\"controls\";a:3:{s:7:\"content\";a:1:{s:14:\"section_editor\";a:1:{s:6:\"editor\";i:3;}}s:5:\"style\";a:1:{s:13:\"section_style\";a:1:{s:20:\"typography_font_size\";i:2;}}s:8:\"advanced\";a:1:{s:27:\"_section_happy_pro_features\";a:1:{s:18:\"_ha_condition_list\";i:3;}}}}s:9:\"shortcode\";a:3:{s:5:\"count\";i:1;s:15:\"control_percent\";i:0;s:8:\"controls\";a:2:{s:7:\"content\";a:1:{s:17:\"section_shortcode\";a:1:{s:9:\"shortcode\";i:1;}}s:8:\"advanced\";a:1:{s:27:\"_section_happy_pro_features\";a:1:{s:18:\"_ha_condition_list\";i:1;}}}}s:6:\"column\";a:3:{s:5:\"count\";i:3;s:15:\"control_percent\";i:1;s:8:\"controls\";a:3:{s:6:\"layout\";a:1:{s:6:\"layout\";a:2:{s:12:\"_inline_size\";i:3;s:21:\"space_between_widgets\";i:1;}}s:8:\"advanced\";a:2:{s:27:\"_section_happy_pro_features\";a:1:{s:18:\"_ha_condition_list\";i:3;}s:16:\"section_advanced\";a:1:{s:7:\"padding\";i:1;}}s:5:\"style\";a:2:{s:13:\"section_style\";a:1:{s:16:\"background_color\";i:1;}s:14:\"section_border\";a:3:{s:13:\"border_border\";i:1;s:12:\"border_width\";i:1;s:12:\"border_color\";i:1;}}}}s:7:\"section\";a:3:{s:5:\"count\";i:2;s:15:\"control_percent\";i:2;s:8:\"controls\";a:2:{s:6:\"layout\";a:2:{s:14:\"section_layout\";a:4:{s:3:\"gap\";i:1;s:6:\"layout\";i:1;s:15:\"stretch_section\";i:1;s:13:\"custom_height\";i:1;}s:17:\"section_structure\";a:1:{s:9:\"structure\";i:1;}}s:8:\"advanced\";a:2:{s:16:\"section_advanced\";a:2:{s:6:\"margin\";i:2;s:7:\"padding\";i:1;}s:27:\"_section_happy_pro_features\";a:1:{s:18:\"_ha_condition_list\";i:2;}}}}s:6:\"spacer\";a:3:{s:5:\"count\";i:1;s:15:\"control_percent\";i:0;s:8:\"controls\";a:1:{s:8:\"advanced\";a:1:{s:27:\"_section_happy_pro_features\";a:1:{s:18:\"_ha_condition_list\";i:1;}}}}s:11:\"google_maps\";a:3:{s:5:\"count\";i:1;s:15:\"control_percent\";i:1;s:8:\"controls\";a:3:{s:7:\"content\";a:1:{s:11:\"section_map\";a:3:{s:7:\"address\";i:1;s:4:\"zoom\";i:1;s:6:\"height\";i:1;}}s:8:\"advanced\";a:1:{s:27:\"_section_happy_pro_features\";a:1:{s:18:\"_ha_condition_list\";i:1;}}s:5:\"style\";a:1:{s:17:\"section_map_style\";a:1:{s:22:\"css_filters_css_filter\";i:1;}}}}}"],"rank_math_news_sitemap_robots":["index"],"rank_math_robots":["a:1:{i:0;s:5:\"index\";}"],"rank_math_internal_links_processed":["1"],"rank_math_analytic_object_id":["31"],"rank_math_og_content_image":["a:2:{s:5:\"check\";s:32:\"584cb817b4da701f72079710555b31b8\";s:6:\"images\";a:1:{i:0;i:1864;}}"],"_elementor_page_assets":["a:2:{s:6:\"styles\";a:4:{i:0;s:14:\"widget-heading\";i:1;s:16:\"widget-icon-list\";i:2;s:13:\"widget-spacer\";i:3;s:12:\"widget-image\";}s:7:\"scripts\";a:1:{i:0;s:18:\"elementor-frontend\";}}"],"rank_math_seo_score":["15"],"_elementor_css":["a:6:{s:4:\"time\";i:1750190853;s:5:\"fonts\";a:0:{}s:5:\"icons\";a:1:{i:0;s:8:\"fa-solid\";}s:20:\"dynamic_elements_ids\";a:0:{}s:6:\"status\";s:4:\"file\";i:0;s:0:\"\";}"]},"_links":{"self":[{"href":"https:\/\/test.premafer.com\/fr\/wp-json\/wp\/v2\/pages\/201","targetHints":{"allow":["GET"]}}],"collection":[{"href":"https:\/\/test.premafer.com\/fr\/wp-json\/wp\/v2\/pages"}],"about":[{"href":"https:\/\/test.premafer.com\/fr\/wp-json\/wp\/v2\/types\/page"}],"author":[{"embeddable":true,"href":"https:\/\/test.premafer.com\/fr\/wp-json\/wp\/v2\/users\/1"}],"replies":[{"embeddable":true,"href":"https:\/\/test.premafer.com\/fr\/wp-json\/wp\/v2\/comments?post=201"}],"version-history":[{"count":32,"href":"https:\/\/test.premafer.com\/fr\/wp-json\/wp\/v2\/pages\/201\/revisions"}],"predecessor-version":[{"id":1873,"href":"https:\/\/test.premafer.com\/fr\/wp-json\/wp\/v2\/pages\/201\/revisions\/1873"}],"wp:attachment":[{"href":"https:\/\/test.premafer.com\/fr\/wp-json\/wp\/v2\/media?parent=201"}],"curies":[{"name":"wp","href":"https:\/\/api.w.org\/{rel}","templated":true}]}}