{"id":1358,"date":"2020-10-15T11:56:39","date_gmt":"2020-10-15T11:56:39","guid":{"rendered":"https:\/\/test.premafer.com\/?post_type=product&#038;p=1358"},"modified":"2024-04-25T17:07:18","modified_gmt":"2024-04-25T17:07:18","slug":"borde-de-escalera-inoxidable-2-mm","status":"publish","type":"product","link":"https:\/\/test.premafer.com\/fr\/produit\/borde-de-escalera-inoxidable-2-mm\/","title":{"rendered":"Nez de marche inox 2 mm"},"content":{"rendered":"<div class=\"woocommerce-product-details__short-description\">\n<h4>DESCRIPCI\u00d3N<\/h4>\n<p>La corni\u00e8re est fortement antid\u00e9rapante, facile \u00e0 poser pour des escaliers standards ou sur-mesure. Elle r\u00e9siste \u00e0 des temp\u00e9ratures ambiantes jusqu'\u00e0 160\u00b0.<\/p>\n<p>Application principales<\/p>\n<ul>\n<li>Escaliers m\u00e9talliques<\/li>\n<li>Escaliers en b\u00e9ton<\/li>\n<li>Escaliers en bois<\/li>\n<li>Id\u00e9al dans les cas de d\u00e9p\u00f4t de graisses, d'hydrocarbures, de poudres diverses, d'eau ou de liquide.<\/li>\n<\/ul>\n<p>Dimensions:<\/p>\n<ul>\n<li>Plat 50 mm<\/li>\n<li>Bord tomb\u00e9 30 mm (sans grain)<\/li>\n<li>Epaisseur 2 mm<\/li>\n<\/ul>\n<\/div>\n<h4>Fiche technique<\/h4>\n<table style=\"height: 277px;\" width=\"300\">\n<tbody>\n<tr>\n<td width=\"200\" height=\"40\"><strong>Support<\/strong><\/td>\n<td>Inox 304L<\/td>\n<\/tr>\n<tr style=\"background-color: #f3f3f3;\">\n<td width=\"200\" height=\"40\"><strong>Soudure<\/strong><\/td>\n<td>Etain<\/td>\n<\/tr>\n<tr>\n<td width=\"200\" height=\"40\"><strong>Particules<\/strong><\/td>\n<td>Inox<\/td>\n<\/tr>\n<tr style=\"background-color: #f3f3f3;\">\n<td width=\"200\" height=\"40\"><strong>Largeur (mm)<\/strong><\/td>\n<td>50<\/td>\n<\/tr>\n<tr>\n<td width=\"200\" height=\"40\"><strong>Bord tomb\u00e9 (mm)<\/strong><\/td>\n<td>30<\/td>\n<\/tr>\n<tr style=\"background-color: #f3f3f3;\">\n<td width=\"200\" height=\"40\"><strong>Longueur (mm)<\/strong><\/td>\n<td>2000<\/td>\n<\/tr>\n<tr>\n<td width=\"200\" height=\"40\"><strong>\u00c9paisseur (mm)<\/strong><\/td>\n<td>2<\/td>\n<\/tr>\n<tr style=\"background-color: #f3f3f3;\">\n<td width=\"200\" height=\"40\"><strong>Poids (Kg)<\/strong><\/td>\n<td>2.6<\/td>\n<\/tr>\n<\/tbody>\n<\/table>\n<p>&nbsp;<\/p>\n<p>&gt;&gt; <a href=\"#\">T\u00c9L\u00c9CHARGER FICHE TECHNIQUE<\/a><\/p>","protected":false},"excerpt":{"rendered":"<p>La corni\u00e8re est fortement antid\u00e9rapante, facile \u00e0 poser pour des escaliers standards ou sur-mesure. Elle r\u00e9siste \u00e0 des temp\u00e9ratures ambiantes jusqu'\u00e0 160\u00b0.<\/p>","protected":false},"featured_media":1359,"comment_status":"closed","ping_status":"closed","template":"","meta":[],"product_brand":[],"product_cat":[32],"product_tag":[100,93,95,96,99,90],"class_list":{"0":"post-1358","1":"product","2":"type-product","3":"status-publish","4":"has-post-thumbnail","6":"product_cat-cantoneras","7":"product_tag-2-mm","8":"product_tag-acero-inoxidable","9":"product_tag-borde","10":"product_tag-cantonera","11":"product_tag-escaleras","12":"product_tag-estano","14":"first","15":"instock","16":"featured","17":"taxable","18":"shipping-taxable","19":"purchasable","20":"product-type-simple"},"_links":{"self":[{"href":"https:\/\/test.premafer.com\/fr\/wp-json\/wp\/v2\/product\/1358","targetHints":{"allow":["GET"]}}],"collection":[{"href":"https:\/\/test.premafer.com\/fr\/wp-json\/wp\/v2\/product"}],"about":[{"href":"https:\/\/test.premafer.com\/fr\/wp-json\/wp\/v2\/types\/product"}],"replies":[{"embeddable":true,"href":"https:\/\/test.premafer.com\/fr\/wp-json\/wp\/v2\/comments?post=1358"}],"wp:featuredmedia":[{"embeddable":true,"href":"https:\/\/test.premafer.com\/fr\/wp-json\/wp\/v2\/media\/1359"}],"wp:attachment":[{"href":"https:\/\/test.premafer.com\/fr\/wp-json\/wp\/v2\/media?parent=1358"}],"wp:term":[{"taxonomy":"product_brand","embeddable":true,"href":"https:\/\/test.premafer.com\/fr\/wp-json\/wp\/v2\/product_brand?post=1358"},{"taxonomy":"product_cat","embeddable":true,"href":"https:\/\/test.premafer.com\/fr\/wp-json\/wp\/v2\/product_cat?post=1358"},{"taxonomy":"product_tag","embeddable":true,"href":"https:\/\/test.premafer.com\/fr\/wp-json\/wp\/v2\/product_tag?post=1358"}],"curies":[{"name":"wp","href":"https:\/\/api.w.org\/{rel}","templated":true}]}}