{"id":1370,"date":"2020-10-16T08:35:06","date_gmt":"2020-10-16T08:35:06","guid":{"rendered":"https:\/\/test.premafer.com\/?post_type=product&#038;p=1370"},"modified":"2024-04-25T17:11:00","modified_gmt":"2024-04-25T17:11:00","slug":"tiras-antideslizantes-galvanizadas-de-2-mm","status":"publish","type":"product","link":"https:\/\/test.premafer.com\/fr\/produit\/tiras-antideslizantes-galvanizadas-de-2-mm\/","title":{"rendered":"Bandes galva \u00e9p. 2 mm"},"content":{"rendered":"<div class=\"woocommerce-product-details__short-description\">\n<h4>DESCRIPCI\u00d3N<\/h4>\n<p>MGS Industries vous propose des bandes antid\u00e9rapantes en acier gavla d'une \u00e9paisseur de 2 mm.<\/p>\n<p>Les dimensions des bandes sont de 50x2000 mm. Le grain appliqu\u00e9 est le G47 (hauteur du grain 1,2 mm)<\/p>\n<p>Les bandes sont pr\u00eates \u00e0 poser pour assurer la s\u00e9curit\u00e9 du passage et \u00e9viter tout les risques de glissade.<\/p>\n<p>Convient aux applications en industrie ou dans les lieux accueillant du public.<\/p>\n<\/div>\n<h4>Fiche technique<\/h4>\n<table style=\"height: 277px;\" width=\"500px;\">\n<tbody>\n<tr>\n<td width=\"200\" height=\"40\"><strong>Support<\/strong><\/td>\n<td>Galva<\/td>\n<\/tr>\n<tr style=\"background-color: #f3f3f3;\">\n<td width=\"200\" height=\"40\"><strong>Soudure<\/strong><\/td>\n<td>Etain<\/td>\n<\/tr>\n<tr>\n<td width=\"200\" height=\"40\"><strong>Particules<\/strong><\/td>\n<td>Fonte<\/td>\n<\/tr>\n<tr style=\"background-color: #f3f3f3;\">\n<td width=\"200\" height=\"40\"><strong>Largeur (mm)<\/strong><\/td>\n<td>50<\/td>\n<\/tr>\n<tr>\n<td width=\"200\" height=\"40\"><strong>Longueur (mm)<\/strong><\/td>\n<td>2000<\/td>\n<\/tr>\n<tr style=\"background-color: #f3f3f3;\">\n<td width=\"200\" height=\"40\"><strong>\u00c9paisseur (mm)<\/strong><\/td>\n<td>2<\/td>\n<\/tr>\n<tr>\n<td width=\"200\" height=\"40\"><strong>Poids (Kg)<\/strong><\/td>\n<td>1.7<\/td>\n<\/tr>\n<\/tbody>\n<\/table>\n<p>&nbsp;<\/p>\n<p>&gt;&gt; <a href=\"#\">T\u00c9L\u00c9CHARGER FICHE TECHNIQUE<\/a><\/p>","protected":false},"excerpt":{"rendered":"<p>Nez de marche antid\u00e9rapant acier galva \u00e9paisseur 2 mm.<\/p>","protected":false},"featured_media":1371,"comment_status":"closed","ping_status":"closed","template":"","meta":[],"product_brand":[],"product_cat":[16],"product_tag":[100,86,90,89,87,85],"class_list":{"0":"post-1370","1":"product","2":"type-product","3":"status-publish","4":"has-post-thumbnail","6":"product_cat-tiras","7":"product_tag-2-mm","8":"product_tag-antideslizante","9":"product_tag-estano","10":"product_tag-fundicion","11":"product_tag-galvanizado","12":"product_tag-tiras","14":"first","15":"instock","16":"featured","17":"taxable","18":"shipping-taxable","19":"purchasable","20":"product-type-simple"},"_links":{"self":[{"href":"https:\/\/test.premafer.com\/fr\/wp-json\/wp\/v2\/product\/1370","targetHints":{"allow":["GET"]}}],"collection":[{"href":"https:\/\/test.premafer.com\/fr\/wp-json\/wp\/v2\/product"}],"about":[{"href":"https:\/\/test.premafer.com\/fr\/wp-json\/wp\/v2\/types\/product"}],"replies":[{"embeddable":true,"href":"https:\/\/test.premafer.com\/fr\/wp-json\/wp\/v2\/comments?post=1370"}],"wp:featuredmedia":[{"embeddable":true,"href":"https:\/\/test.premafer.com\/fr\/wp-json\/wp\/v2\/media\/1371"}],"wp:attachment":[{"href":"https:\/\/test.premafer.com\/fr\/wp-json\/wp\/v2\/media?parent=1370"}],"wp:term":[{"taxonomy":"product_brand","embeddable":true,"href":"https:\/\/test.premafer.com\/fr\/wp-json\/wp\/v2\/product_brand?post=1370"},{"taxonomy":"product_cat","embeddable":true,"href":"https:\/\/test.premafer.com\/fr\/wp-json\/wp\/v2\/product_cat?post=1370"},{"taxonomy":"product_tag","embeddable":true,"href":"https:\/\/test.premafer.com\/fr\/wp-json\/wp\/v2\/product_tag?post=1370"}],"curies":[{"name":"wp","href":"https:\/\/api.w.org\/{rel}","templated":true}]}}