{"id":1476,"date":"2020-11-02T12:34:27","date_gmt":"2020-11-02T12:34:27","guid":{"rendered":"https:\/\/test.premafer.com\/?post_type=product&#038;p=1476"},"modified":"2024-04-25T17:04:34","modified_gmt":"2024-04-25T17:04:34","slug":"borde-de-escalera-galvanizado-0-8-mm","status":"publish","type":"product","link":"https:\/\/test.premafer.com\/fr\/produit\/borde-de-escalera-galvanizado-0-8-mm\/","title":{"rendered":"Nez de marche galva 0.8 mm"},"content":{"rendered":"<div class=\"woocommerce-product-details__short-description\">\n<h4>DESCRIPCI\u00d3N<\/h4>\n<p>La corni\u00e8re est fortement antid\u00e9rapante, facile \u00e0 poser pour des escaliers standards ou sur-mesure. Elle r\u00e9siste \u00e0 des temp\u00e9ratures ambiantes jusqu'\u00e0 160\u00b0.<\/p>\n<p>Application principales<\/p>\n<ul>\n<li>Escaliers m\u00e9talliques<\/li>\n<li>Escaliers en b\u00e9ton<\/li>\n<li>Escaliers en bois<\/li>\n<li>Id\u00e9al dans les cas de d\u00e9p\u00f4t de graisses, d'hydrocarbures, de poudres diverses, d'eau ou de liquide.<\/li>\n<\/ul>\n<p>Dimensions:<\/p>\n<ul>\n<li>Plat 50 mm<\/li>\n<li>Bord tomb\u00e9 30 mm (sans grain)<\/li>\n<li>0.8 mm de grosor<\/li>\n<\/ul>\n<\/div>\n<h4>Fiche technique<\/h4>\n<table style=\"height: 277px;\" width=\"300\">\n<tbody>\n<tr>\n<td width=\"200\" height=\"40\"><strong>Support<\/strong><\/td>\n<td>Galva<\/td>\n<\/tr>\n<tr style=\"background-color: #f3f3f3;\">\n<td width=\"200\" height=\"40\"><strong>Soudure<\/strong><\/td>\n<td>Etain<\/td>\n<\/tr>\n<tr>\n<td width=\"200\" height=\"40\"><strong>Particules<\/strong><\/td>\n<td>Fonte<\/td>\n<\/tr>\n<tr style=\"background-color: #f3f3f3;\">\n<td width=\"200\" height=\"40\"><strong>Largeur (mm)<\/strong><\/td>\n<td>50<\/td>\n<\/tr>\n<tr>\n<td width=\"200\" height=\"40\"><strong>Bord tomb\u00e9 (mm)<\/strong><\/td>\n<td>30<\/td>\n<\/tr>\n<tr style=\"background-color: #f3f3f3;\">\n<td width=\"200\" height=\"40\"><strong>Longueur (mm)<\/strong><\/td>\n<td>2000<\/td>\n<\/tr>\n<tr>\n<td width=\"200\" height=\"40\"><strong>\u00c9paisseur (mm)<\/strong><\/td>\n<td>0.8<\/td>\n<\/tr>\n<tr style=\"background-color: #f3f3f3;\">\n<td width=\"200\" height=\"40\"><strong>Poids (Kg)<\/strong><\/td>\n<td>1.1<\/td>\n<\/tr>\n<\/tbody>\n<\/table>\n<p>&nbsp;<\/p>\n<p>&gt;&gt; <a href=\"#\">T\u00c9L\u00c9CHARGER FICHE TECHNIQUE<\/a><\/p>","protected":false},"excerpt":{"rendered":"<p>La corni\u00e8re est fortement antid\u00e9rapante, facile \u00e0 poser pour des escaliers standards ou sur-mesure. Elle r\u00e9siste \u00e0 des temp\u00e9ratures ambiantes jusqu'\u00e0 160\u00b0.<\/p>","protected":false},"featured_media":1477,"comment_status":"closed","ping_status":"closed","template":"","meta":[],"product_brand":[],"product_cat":[32],"product_tag":[102,95,96,99,90,89,87],"class_list":{"0":"post-1476","1":"product","2":"type-product","3":"status-publish","4":"has-post-thumbnail","6":"product_cat-cantoneras","7":"product_tag-0-8-mm","8":"product_tag-borde","9":"product_tag-cantonera","10":"product_tag-escaleras","11":"product_tag-estano","12":"product_tag-fundicion","13":"product_tag-galvanizado","15":"first","16":"instock","17":"featured","18":"taxable","19":"shipping-taxable","20":"purchasable","21":"product-type-simple"},"_links":{"self":[{"href":"https:\/\/test.premafer.com\/fr\/wp-json\/wp\/v2\/product\/1476","targetHints":{"allow":["GET"]}}],"collection":[{"href":"https:\/\/test.premafer.com\/fr\/wp-json\/wp\/v2\/product"}],"about":[{"href":"https:\/\/test.premafer.com\/fr\/wp-json\/wp\/v2\/types\/product"}],"replies":[{"embeddable":true,"href":"https:\/\/test.premafer.com\/fr\/wp-json\/wp\/v2\/comments?post=1476"}],"wp:featuredmedia":[{"embeddable":true,"href":"https:\/\/test.premafer.com\/fr\/wp-json\/wp\/v2\/media\/1477"}],"wp:attachment":[{"href":"https:\/\/test.premafer.com\/fr\/wp-json\/wp\/v2\/media?parent=1476"}],"wp:term":[{"taxonomy":"product_brand","embeddable":true,"href":"https:\/\/test.premafer.com\/fr\/wp-json\/wp\/v2\/product_brand?post=1476"},{"taxonomy":"product_cat","embeddable":true,"href":"https:\/\/test.premafer.com\/fr\/wp-json\/wp\/v2\/product_cat?post=1476"},{"taxonomy":"product_tag","embeddable":true,"href":"https:\/\/test.premafer.com\/fr\/wp-json\/wp\/v2\/product_tag?post=1476"}],"curies":[{"name":"wp","href":"https:\/\/api.w.org\/{rel}","templated":true}]}}